{"id":5753,"date":"2023-11-05T11:28:21","date_gmt":"2023-11-05T11:28:21","guid":{"rendered":"https:\/\/aparthotelzlatibor.com\/mini-school-holiday-and-armistice-day-holiday\/"},"modified":"2025-02-22T10:24:12","modified_gmt":"2025-02-22T10:24:12","slug":"easter-at-all-seasons-in-zlatibor","status":"publish","type":"page","link":"https:\/\/aparthotelzlatibor.com\/en\/easter-at-all-seasons-in-zlatibor\/","title":{"rendered":"Spring relaxation and productivity in one!"},"content":{"rendered":"\t\t<div data-elementor-type=\"wp-page\" data-elementor-id=\"5753\" class=\"elementor elementor-5753\">\n\t\t\t\t\t\t<section class=\"elementor-section elementor-top-section elementor-element elementor-element-4ec4c23d elementor-section-full_width elementor-section-content-middle elementor-reverse-mobile elementor-section-height-default elementor-section-height-default\" data-id=\"4ec4c23d\" data-element_type=\"section\" data-settings=\"{&quot;background_background&quot;:&quot;classic&quot;}\">\n\t\t\t\t\t\t\t<div class=\"elementor-background-overlay\"><\/div>\n\t\t\t\t\t\t\t<div class=\"elementor-container elementor-column-gap-no\">\n\t\t\t\t\t<div class=\"elementor-column elementor-col-100 elementor-top-column elementor-element elementor-element-563c5071\" data-id=\"563c5071\" data-element_type=\"column\">\n\t\t\t<div class=\"elementor-widget-wrap elementor-element-populated\">\n\t\t\t\t\t\t<div class=\"elementor-element elementor-element-506a6c97 elementor-widget elementor-widget-romancy_elementor_heading\" data-id=\"506a6c97\" data-element_type=\"widget\" data-widget_type=\"romancy_elementor_heading.default\">\n\t\t\t\t<div class=\"elementor-widget-container\">\n\t\t\t\t\t\t\t<div class=\"ova-title\">\n\n\t\t\t\n\t\t\t\t\t\t\t\n\t\t\t\t\t\t\t<h2 class=\"title\">\n\n\t\t\t\t\t\t\t\t\ud83c\udf3c Prole\u0107no opu\u0161tanje i produktivnost u jednom! \ud83c\udf3c VE\u0106 od 28 eur\t\t\t\t\t\t\t\t \n\n\t\t\t\t\t\t\t<\/h2>\n\t\t\t\t\t\t\t\n\t\t\t\n\t\t<\/div> \n\t\t \t\n\t\t\t\t\t\t<\/div>\n\t\t\t\t<\/div>\n\t\t\t\t\t<\/div>\n\t\t<\/div>\n\t\t\t\t\t<\/div>\n\t\t<\/section>\n\t\t\t\t<section class=\"elementor-section elementor-top-section elementor-element elementor-element-1b26a614 elementor-section-boxed elementor-section-height-default elementor-section-height-default\" data-id=\"1b26a614\" data-element_type=\"section\">\n\t\t\t\t\t\t<div class=\"elementor-container elementor-column-gap-no\">\n\t\t\t\t\t<div class=\"elementor-column elementor-col-100 elementor-top-column elementor-element elementor-element-26ece8e\" data-id=\"26ece8e\" data-element_type=\"column\">\n\t\t\t<div class=\"elementor-widget-wrap elementor-element-populated\">\n\t\t\t\t\t\t<div class=\"elementor-element elementor-element-74a4e32 elementor-widget elementor-widget-text-editor\" data-id=\"74a4e32\" data-element_type=\"widget\" data-widget_type=\"text-editor.default\">\n\t\t\t\t<div class=\"elementor-widget-container\">\n\t\t\t\t\t\t\t\t\t<p>The only free weekend to stay in All Seasons apartments is from  <b>May 17 &#8211; 19   <\/b>and this is an ideal opportunity to change your environment and jump out of your comfort zone.  <\/p>\n\t\t\t\t\t\t\t\t<\/div>\n\t\t\t\t<\/div>\n\t\t\t\t\t<\/div>\n\t\t<\/div>\n\t\t\t\t\t<\/div>\n\t\t<\/section>\n\t\t\t\t<section class=\"elementor-section elementor-top-section elementor-element elementor-element-44b7333c elementor-section-boxed elementor-section-height-default elementor-section-height-default\" data-id=\"44b7333c\" data-element_type=\"section\">\n\t\t\t\t\t\t<div class=\"elementor-container elementor-column-gap-no\">\n\t\t\t\t\t<div class=\"elementor-column elementor-col-50 elementor-top-column elementor-element elementor-element-774e49ca\" data-id=\"774e49ca\" data-element_type=\"column\">\n\t\t\t<div class=\"elementor-widget-wrap elementor-element-populated\">\n\t\t\t\t\t\t<div class=\"elementor-element elementor-element-1f044cb8 elementor-invisible elementor-widget elementor-widget-text-editor\" data-id=\"1f044cb8\" data-element_type=\"widget\" data-settings=\"{&quot;_animation&quot;:&quot;fadeInLeft&quot;}\" data-widget_type=\"text-editor.default\">\n\t\t\t\t<div class=\"elementor-widget-container\">\n\t\t\t\t\t\t\t\t\t<p><strong>What you get:<\/strong><\/p>\n<p><img decoding=\"async\" class=\"emoji\" role=\"img\" draggable=\"false\" src=\"https:\/\/s.w.org\/images\/core\/emoji\/15.0.3\/svg\/1f3e2.svg\" alt=\"\ud83c\udfe2\" title=\"\">  Fully equipped apartment in the most beautiful part of Zlatibor.<\/p>\n<p><img decoding=\"async\" class=\"emoji\" role=\"img\" draggable=\"false\" src=\"https:\/\/s.w.org\/images\/core\/emoji\/15.0.3\/svg\/1f373.svg\" alt=\"\ud83c\udf73\" title=\"\">  A delicious breakfast that will refresh you before starting your day.<\/p>\n<p><img decoding=\"async\" class=\"emoji\" role=\"img\" draggable=\"false\" src=\"https:\/\/s.w.org\/images\/core\/emoji\/15.0.3\/svg\/1f338.svg\" alt=\"\ud83c\udf38\" title=\"\">Just a 5-minute easy walk away is a fantastic hiking and Trim trail.<br \/><img decoding=\"async\" class=\"emoji\" role=\"img\" draggable=\"false\" src=\"https:\/\/s.w.org\/images\/core\/emoji\/15.0.3\/svg\/1f333.svg\" alt=\"\ud83c\udf33\" title=\"\"> Spend time with your family in a beautiful natural environment and enjoy the many activities that our destination offers.<br \/><img decoding=\"async\" class=\"emoji\" role=\"img\" draggable=\"false\" src=\"https:\/\/s.w.org\/images\/core\/emoji\/15.0.3\/svg\/1f389.svg\" alt=\"\ud83c\udf89\" title=\"\"> This special offer is valid until the end of May, for <b>the only free weekend from the 17th &#8211; 19th<\/b> , so book your place now and experience the harmony of business and family life.<\/p>\n<p>Bed and breakfast starts at <strong>28 euros<\/strong> per person.<\/p>\n<p><strong>Additional benefits  <\/strong><strong><img decoding=\"async\" class=\"emoji\" role=\"img\" draggable=\"false\" src=\"https:\/\/s.w.org\/images\/core\/emoji\/15.0.3\/svg\/2935.svg\" alt=\"\u2935\" title=\"\"><\/strong><\/p>\n<p><img decoding=\"async\" class=\"emoji\" role=\"img\" draggable=\"false\" src=\"https:\/\/s.w.org\/images\/core\/emoji\/15.0.3\/svg\/1f44c-1f3fc.svg\" alt=\"\ud83d\udc4c\ud83c\udffc\" title=\"\">Private driveway and free parking<br \/><img decoding=\"async\" class=\"emoji\" role=\"img\" draggable=\"false\" src=\"https:\/\/s.w.org\/images\/core\/emoji\/15.0.3\/svg\/1f6b6.svg\" alt=\"\ud83d\udeb6\" title=\"\">300m from King&#8217;s Square<br \/><img decoding=\"async\" class=\"emoji\" role=\"img\" draggable=\"false\" src=\"https:\/\/s.w.org\/images\/core\/emoji\/15.0.3\/svg\/1f6b6.svg\" alt=\"\ud83d\udeb6\" title=\"\">\u200dJust 100m from the complex there is a hiking and Trim trail<br \/><img decoding=\"async\" class=\"emoji\" role=\"img\" draggable=\"false\" src=\"https:\/\/s.w.org\/images\/core\/emoji\/15.0.3\/svg\/1f939.svg\" alt=\"\ud83e\udd39\" title=\"\">Children&#8217;s playroom within the Gastro bar + outdoor playroom (trampoline, swings, house, slide)<br \/><img decoding=\"async\" class=\"emoji\" role=\"img\" draggable=\"false\" src=\"https:\/\/s.w.org\/images\/core\/emoji\/15.0.3\/svg\/1f4e2.svg\" alt=\"\ud83d\udce2\" title=\"\">  Bed, potty, adapters, feeder, bathtub (on request)<br \/><img decoding=\"async\" class=\"emoji\" role=\"img\" draggable=\"false\" src=\"https:\/\/s.w.org\/images\/core\/emoji\/15.0.3\/svg\/1f355.svg\" alt=\"\ud83c\udf55\" title=\"\">  Gastro bar with an extremely rich &#8220;a la carte&#8221; menu + children&#8217;s menu<br \/><img decoding=\"async\" class=\"emoji\" role=\"img\" draggable=\"false\" src=\"https:\/\/s.w.org\/images\/core\/emoji\/15.0.3\/svg\/1f3ce.svg\" alt=\"\ud83c\udfce\" title=\"\">Special prices for renting Quads  <br \/><img decoding=\"async\" class=\"emoji\" role=\"img\" draggable=\"false\" src=\"https:\/\/s.w.org\/images\/core\/emoji\/15.0.3\/svg\/1f44c-1f3fc.svg\" alt=\"\ud83d\udc4c\ud83c\udffc\" title=\"\">From 30-40% discount for tickets to Dino Park, Adventure Park and El Paso City.<\/p>\n<p><img decoding=\"async\" class=\"emoji\" role=\"img\" draggable=\"false\" src=\"https:\/\/s.w.org\/images\/core\/emoji\/15.0.3\/svg\/27a1.svg\" alt=\"\u27a1\ufe0f\" title=\"\"><strong>Book the desired apartment directly!<\/strong><\/p>\n<p><strong>Note: The number of apartments with this offer is limited.<br \/><\/strong> <strong>The stated price is valid if 2 people stay in a standard studio.<\/strong><\/p>\n\t\t\t\t\t\t\t\t<\/div>\n\t\t\t\t<\/div>\n\t\t\t\t\t<\/div>\n\t\t<\/div>\n\t\t\t\t<div class=\"elementor-column elementor-col-50 elementor-top-column elementor-element elementor-element-3958c2a3\" data-id=\"3958c2a3\" data-element_type=\"column\">\n\t\t\t<div class=\"elementor-widget-wrap elementor-element-populated\">\n\t\t\t\t\t\t<div class=\"elementor-element elementor-element-654932d6 elementor-pagination-position-outside elementor-invisible elementor-widget elementor-widget-image-carousel\" data-id=\"654932d6\" data-element_type=\"widget\" data-settings=\"{&quot;slides_to_show&quot;:&quot;1&quot;,&quot;navigation&quot;:&quot;dots&quot;,&quot;autoplay_speed&quot;:3000,&quot;_animation&quot;:&quot;ova-helix&quot;,&quot;autoplay&quot;:&quot;yes&quot;,&quot;pause_on_hover&quot;:&quot;yes&quot;,&quot;pause_on_interaction&quot;:&quot;yes&quot;,&quot;infinite&quot;:&quot;yes&quot;,&quot;effect&quot;:&quot;slide&quot;,&quot;speed&quot;:500}\" data-widget_type=\"image-carousel.default\">\n\t\t\t\t<div class=\"elementor-widget-container\">\n\t\t\t\t\t\t\t<div class=\"elementor-image-carousel-wrapper swiper\" role=\"region\" aria-roledescription=\"carousel\" aria-label=\"Image Carousel\" dir=\"ltr\">\n\t\t\t<div class=\"elementor-image-carousel swiper-wrapper\" aria-live=\"off\">\n\t\t\t\t\t\t\t\t<div class=\"swiper-slide\" role=\"group\" aria-roledescription=\"slide\" aria-label=\"1 of 6\"><figure class=\"swiper-slide-inner\"><img decoding=\"async\" class=\"swiper-slide-image\" src=\"https:\/\/aparthotelzlatibor.com\/wp-content\/uploads\/elementor\/thumbs\/Apartman_Zlatibor_VIla_Hajducica_h9_tip_standard_01-qcomqs2amwjey35lmvnv59on3m7j8s2cmr8xtmklgs.jpg\" alt=\"Apartment Zlatibor Villa Hajducica H9 type Standard\" title=\"\"><\/figure><\/div><div class=\"swiper-slide\" role=\"group\" aria-roledescription=\"slide\" aria-label=\"2 of 6\"><figure class=\"swiper-slide-inner\"><img decoding=\"async\" class=\"swiper-slide-image\" src=\"https:\/\/aparthotelzlatibor.com\/wp-content\/uploads\/elementor\/thumbs\/Apartman_Zlatibor_VIla_Hajducica_h9_tip_standard_02-qcomqtxz0klzlb2vbwh4a97kady9o69tb0jws6ht4c.jpg\" alt=\"Apartment Zlatibor Villa Hajducica H9 type Standard\" title=\"\"><\/figure><\/div><div class=\"swiper-slide\" role=\"group\" aria-roledescription=\"slide\" aria-label=\"3 of 6\"><figure class=\"swiper-slide-inner\"><img decoding=\"async\" class=\"swiper-slide-image\" src=\"https:\/\/aparthotelzlatibor.com\/wp-content\/uploads\/elementor\/thumbs\/Apartman_Zlatibor_VIla_Hajducica_h9_tip_standard_04-qcomqxpbrwr4vqxepy3mk89enxfqiyoqnj5upac8fg.jpg\" alt=\"Apartment Zlatibor Villa Hajducica H9 type Standard\" title=\"\"><\/figure><\/div><div class=\"swiper-slide\" role=\"group\" aria-roledescription=\"slide\" aria-label=\"4 of 6\"><figure class=\"swiper-slide-inner\"><img decoding=\"async\" class=\"swiper-slide-image\" src=\"https:\/\/aparthotelzlatibor.com\/wp-content\/uploads\/elementor\/thumbs\/Apartman_Zlatibor_VIla_Hajducica_h9_tip_standard_05-qcomqzl05ktpiyuoeywvp7sbup6gycw7bsgtnu9g30.jpg\" alt=\"Apartment Zlatibor Villa Hajducica H9 type Standard\" title=\"\"><\/figure><\/div><div class=\"swiper-slide\" role=\"group\" aria-roledescription=\"slide\" aria-label=\"5 of 6\"><figure class=\"swiper-slide-inner\"><img decoding=\"async\" class=\"swiper-slide-image\" src=\"https:\/\/aparthotelzlatibor.com\/wp-content\/uploads\/elementor\/thumbs\/zlatibor-promo-ponuda_05-qcpulad3qxec3qa89756exrk65xxm6mtnnbj5y3oa4.webp\" alt=\"zlatibor-promo-ponuda_05\" title=\"\"><\/figure><\/div><div class=\"swiper-slide\" role=\"group\" aria-roledescription=\"slide\" aria-label=\"6 of 6\"><figure class=\"swiper-slide-inner\"><img decoding=\"async\" class=\"swiper-slide-image\" src=\"https:\/\/aparthotelzlatibor.com\/wp-content\/uploads\/elementor\/thumbs\/zlatibor-promo-ponuda_04-qcpul8hfd9brgicyk6bx9y8mze776sfcze0k7e6gmk.webp\" alt=\"zlatibor-promo-ponuda_04\" title=\"\"><\/figure><\/div>\t\t\t<\/div>\n\t\t\t\t\t\t\t\n\t\t\t\t\t\t\t\t\t<div class=\"swiper-pagination\"><\/div>\n\t\t\t\t\t\t\t\t\t<\/div>\n\t\t\t\t\t\t<\/div>\n\t\t\t\t<\/div>\n\t\t\t\t\t<\/div>\n\t\t<\/div>\n\t\t\t\t\t<\/div>\n\t\t<\/section>\n\t\t\t\t<\/div>\n\t\t","protected":false},"excerpt":{"rendered":"<p>? Prole\u0107no opu\u0161tanje i produktivnost u jednom! ? VE\u0106 od 28 eur The only free weekend to stay in All Seasons apartments is from May 17 &#8211; 19 and this is an ideal opportunity to change your environment and jump out of your comfort zone. What you get: Fully equipped apartment in the most beautiful [&hellip;]<\/p>\n","protected":false},"author":1,"featured_media":0,"parent":0,"menu_order":0,"comment_status":"closed","ping_status":"closed","template":"elementor_header_footer","meta":{"footnotes":""},"class_list":["post-5753","page","type-page","status-publish","hentry"],"_links":{"self":[{"href":"https:\/\/aparthotelzlatibor.com\/en\/wp-json\/wp\/v2\/pages\/5753","targetHints":{"allow":["GET"]}}],"collection":[{"href":"https:\/\/aparthotelzlatibor.com\/en\/wp-json\/wp\/v2\/pages"}],"about":[{"href":"https:\/\/aparthotelzlatibor.com\/en\/wp-json\/wp\/v2\/types\/page"}],"author":[{"embeddable":true,"href":"https:\/\/aparthotelzlatibor.com\/en\/wp-json\/wp\/v2\/users\/1"}],"replies":[{"embeddable":true,"href":"https:\/\/aparthotelzlatibor.com\/en\/wp-json\/wp\/v2\/comments?post=5753"}],"version-history":[{"count":22,"href":"https:\/\/aparthotelzlatibor.com\/en\/wp-json\/wp\/v2\/pages\/5753\/revisions"}],"predecessor-version":[{"id":8589,"href":"https:\/\/aparthotelzlatibor.com\/en\/wp-json\/wp\/v2\/pages\/5753\/revisions\/8589"}],"wp:attachment":[{"href":"https:\/\/aparthotelzlatibor.com\/en\/wp-json\/wp\/v2\/media?parent=5753"}],"curies":[{"name":"wp","href":"https:\/\/api.w.org\/{rel}","templated":true}]}}